{"id":72,"date":"2026-03-24T18:13:06","date_gmt":"2026-03-24T18:13:06","guid":{"rendered":"https:\/\/navajowhite-wasp-229957.hostingersite.com\/shipping-policy\/"},"modified":"2026-04-11T16:37:00","modified_gmt":"2026-04-11T16:37:00","slug":"shipping-policy","status":"publish","type":"page","link":"https:\/\/thrivecommer.com\/de\/shipping-policy\/","title":{"rendered":"Versandpolitik"},"content":{"rendered":"<div data-elementor-type=\"wp-page\" data-elementor-id=\"72\" class=\"elementor elementor-72\" data-elementor-post-type=\"page\">\n\t\t\t\t<div class=\"elementor-element elementor-element-6887d398 e-flex e-con-boxed e-con e-parent\" data-id=\"6887d398\" data-element_type=\"container\" data-e-type=\"container\" data-settings=\"{&quot;background_background&quot;:&quot;classic&quot;}\">\n\t\t\t\t\t<div class=\"e-con-inner\">\n\t\t\t\t<div class=\"elementor-element elementor-element-3533f55b elementor-widget elementor-widget-heading\" data-id=\"3533f55b\" data-element_type=\"widget\" data-e-type=\"widget\" data-widget_type=\"heading.default\">\n\t\t\t\t\t<h2 class=\"elementor-heading-title elementor-size-default\">Versandpolitik<\/h2>\t\t\t\t<\/div>\n\t\t\t\t\t<\/div>\n\t\t\t\t<\/div>\n\t\t<div class=\"elementor-element elementor-element-6408aa61 e-flex e-con-boxed e-con e-parent\" data-id=\"6408aa61\" data-element_type=\"container\" data-e-type=\"container\">\n\t\t\t\t\t<div class=\"e-con-inner\">\n\t\t\t\t<div class=\"elementor-element elementor-element-3ae800a8 elementor-widget elementor-widget-text-editor\" data-id=\"3ae800a8\" data-element_type=\"widget\" data-e-type=\"widget\" data-widget_type=\"text-editor.default\">\n\t\t\t\t\t\t\t\t\t<p><strong>VERSANDINFORMATIONEN<\/strong><\/p><p><strong>Die Produkte werden in ganz Italien, aber auch ins Ausland geliefert.<\/strong><br \/>Ihre Bestellung kann an eine Adresse Ihrer Wahl geschickt werden (zu Hause, am Arbeitsplatz usw. - kein Postfach). In der Regel versenden wir die meisten Artikel innerhalb von 24 Stunden und bestimmte Artikel innerhalb von 72 Stunden. Die Versandzeiten werden zum Zeitpunkt des Kaufs deutlich angegeben. Die Versandzeiten betragen in der Regel 2-3 Werktage.<\/p><p><strong>VERSANDKOSTEN<\/strong><br \/>Wie \u00fcblich sind die Sendungen inklusive Expressdienst, Transportkosten, Sendungsverfolgung und Unterschrift bei Lieferung, um den Zustand der Ware zu gew\u00e4hrleisten.<\/p><p>Wir bieten kostenlosen Versand f\u00fcr ausgew\u00e4hlte Produkte und kostenpflichtigen Versand f\u00fcr andere Produktkategorien. Nachdem Sie eine Bestellung aufgegeben haben, werden Sie kontaktiert und \u00fcber den Versandpreis informiert.<\/p><h5><b>R\u00fcckgabe<\/b><\/h5><p>Um Ihr Produkt zur\u00fcckzugeben, m\u00fcssen Sie es an folgende Adresse schicken: {Physikalische Adresse}.<\/p><p>Sie m\u00fcssen die Versandkosten f\u00fcr die R\u00fccksendung Ihres Artikels selbst tragen. Die Versandkosten sind nicht erstattungsf\u00e4hig. Wenn Sie eine Erstattung erhalten, werden die Kosten f\u00fcr die R\u00fccksendung von Ihrer Erstattung abgezogen.<\/p><p>Je nachdem, wo Sie wohnen, kann es unterschiedlich lange dauern, bis das ausgetauschte Produkt bei Ihnen eintrifft.<\/p><p>Wenn Sie teurere Artikel zur\u00fccksenden, sollten Sie einen verfolgbaren Versanddienst nutzen oder eine Versandversicherung abschlie\u00dfen. Wir garantieren nicht, dass wir den zur\u00fcckgesandten Artikel erhalten.<\/p><p>\u00a0<\/p><p>Distributed Growth Sp. z o.o.<br \/>Hauptsitz Ul. Poligonowa 15 F<br \/>Lublin<br \/>20-817<\/p>\t\t\t\t\t\t\t\t<\/div>\n\t\t\t\t\t<\/div>\n\t\t\t\t<\/div>\n\t\t\t\t<\/div>","protected":false},"excerpt":{"rendered":"<p>Shipping Policy SHIPPING INFORMATION The products are delivered throughout Italy but also abroad.Your order can be sent to an address of your choice (home, work, etc. \u2013 not a post office box).\u00a0We typically ship within 24 hours for most items and approximately 72 hours for specific items.\u00a0Shipping times are clearly advertised at the time of [&hellip;]<\/p>\n","protected":false},"author":3,"featured_media":0,"parent":0,"menu_order":0,"comment_status":"closed","ping_status":"closed","template":"","meta":{"footnotes":""},"class_list":["post-72","page","type-page","status-publish","hentry"],"_hostinger_reach_plugin_has_subscription_block":false,"_hostinger_reach_plugin_is_elementor":false,"_links":{"self":[{"href":"https:\/\/thrivecommer.com\/de\/wp-json\/wp\/v2\/pages\/72","targetHints":{"allow":["GET"]}}],"collection":[{"href":"https:\/\/thrivecommer.com\/de\/wp-json\/wp\/v2\/pages"}],"about":[{"href":"https:\/\/thrivecommer.com\/de\/wp-json\/wp\/v2\/types\/page"}],"author":[{"embeddable":true,"href":"https:\/\/thrivecommer.com\/de\/wp-json\/wp\/v2\/users\/3"}],"replies":[{"embeddable":true,"href":"https:\/\/thrivecommer.com\/de\/wp-json\/wp\/v2\/comments?post=72"}],"version-history":[{"count":16,"href":"https:\/\/thrivecommer.com\/de\/wp-json\/wp\/v2\/pages\/72\/revisions"}],"predecessor-version":[{"id":244,"href":"https:\/\/thrivecommer.com\/de\/wp-json\/wp\/v2\/pages\/72\/revisions\/244"}],"wp:attachment":[{"href":"https:\/\/thrivecommer.com\/de\/wp-json\/wp\/v2\/media?parent=72"}],"curies":[{"name":"wp","href":"https:\/\/api.w.org\/{rel}","templated":true}]}}