{"id":83,"date":"2026-03-24T18:13:08","date_gmt":"2026-03-24T18:13:08","guid":{"rendered":"https:\/\/navajowhite-wasp-229957.hostingersite.com\/refund-policy\/"},"modified":"2026-04-11T16:36:56","modified_gmt":"2026-04-11T16:36:56","slug":"refund-policy","status":"publish","type":"page","link":"https:\/\/thrivecommer.com\/de\/refund-policy\/","title":{"rendered":"Erstattungspolitik"},"content":{"rendered":"<div data-elementor-type=\"wp-page\" data-elementor-id=\"83\" class=\"elementor elementor-83\" data-elementor-post-type=\"page\">\n\t\t\t\t<div class=\"elementor-element elementor-element-4e142b7d e-flex e-con-boxed e-con e-parent\" data-id=\"4e142b7d\" data-element_type=\"container\" data-e-type=\"container\" data-settings=\"{&quot;background_background&quot;:&quot;classic&quot;}\">\n\t\t\t\t\t<div class=\"e-con-inner\">\n\t\t\t\t<div class=\"elementor-element elementor-element-5b739933 elementor-widget elementor-widget-heading\" data-id=\"5b739933\" data-element_type=\"widget\" data-e-type=\"widget\" data-widget_type=\"heading.default\">\n\t\t\t\t\t<h2 class=\"elementor-heading-title elementor-size-default\">Erstattungspolitik<\/h2>\t\t\t\t<\/div>\n\t\t\t\t\t<\/div>\n\t\t\t\t<\/div>\n\t\t<div class=\"elementor-element elementor-element-28070d91 e-flex e-con-boxed e-con e-parent\" data-id=\"28070d91\" data-element_type=\"container\" data-e-type=\"container\">\n\t\t\t\t\t<div class=\"e-con-inner\">\n\t\t\t\t<div class=\"elementor-element elementor-element-38677a25 elementor-widget elementor-widget-text-editor\" data-id=\"38677a25\" data-element_type=\"widget\" data-e-type=\"widget\" data-widget_type=\"text-editor.default\">\n\t\t\t\t\t\t\t\t\t<p>Unsere Erstattungs- und R\u00fcckgabebestimmungen gelten f\u00fcr 14 Tage. Wenn seit Ihrem Kauf 14 Tage vergangen sind, k\u00f6nnen wir Ihnen keine volle R\u00fcckerstattung oder Umtausch anbieten.<\/p><p>Um f\u00fcr eine R\u00fcckgabe in Frage zu kommen, muss Ihr Artikel unbenutzt sein und sich im selben Zustand befinden, in dem Sie ihn erhalten haben. Au\u00dferdem muss er in der Originalverpackung sein.<\/p><p>Einige Arten von Waren sind von der R\u00fcckgabe ausgenommen. Verderbliche Waren wie Lebensmittel, Blumen, Zeitungen oder Zeitschriften k\u00f6nnen nicht zur\u00fcckgegeben werden. Au\u00dferdem nehmen wir keine Intim- oder Hygieneartikel, Gefahrgut oder brennbare Fl\u00fcssigkeiten oder Gase an.<\/p><p>Zus\u00e4tzliche nicht r\u00fcckgabef\u00e4hige Artikel:<\/p><ul><li>Geschenkkarten<\/li><li>Herunterladbare Software-Produkte<\/li><li>Einige Artikel zur Gesundheits- und K\u00f6rperpflege<\/li><\/ul><div>\u00a0<\/div><div><p>Um Ihre R\u00fccksendung abzuschlie\u00dfen, ben\u00f6tigen wir eine Quittung oder einen Kaufbeleg.<\/p><\/div><p>Bitte senden Sie Ihren Kauf nicht an den Hersteller zur\u00fcck.<\/p><p>Es gibt Situationen, in denen nur Teilerstattungen gew\u00e4hrt werden:<\/p><ul><li>Buch mit deutlichen Gebrauchsspuren<\/li><li>CDs, DVDs, VHS-Kassetten, Software, Videospiele, Kassetten oder Vinyl-Schallplatten, die ge\u00f6ffnet wurden<\/li><\/ul><div>\u00a0<\/div><p>Jeder Artikel, der sich nicht im Originalzustand befindet, besch\u00e4digt ist oder dem Teile fehlen, die nicht auf unseren Fehler zur\u00fcckzuf\u00fchren sind.<br \/>Alle Artikel, die mehr als 30 Tage nach der Lieferung zur\u00fcckgegeben werden<\/p><h5><b>R\u00fcckerstattung<\/b><\/h5><p>Sobald wir Ihre R\u00fccksendung erhalten und gepr\u00fcft haben, senden wir Ihnen eine E-Mail, um Ihnen mitzuteilen, dass wir Ihren zur\u00fcckgesandten Artikel erhalten haben. Wir werden Sie auch benachrichtigen, wenn Ihre R\u00fcckerstattung genehmigt oder abgelehnt wird.<\/p><p>Im Falle einer Genehmigung wird Ihre R\u00fcckerstattung innerhalb einer bestimmten Anzahl von Tagen bearbeitet und automatisch auf Ihre Kreditkarte oder Ihre urspr\u00fcngliche Zahlungsmethode zur\u00fcckgebucht.<\/p><h5><b>Versp\u00e4tete oder fehlende Erstattungen<\/b><\/h5><p>Wenn Sie immer noch keine R\u00fcckerstattung erhalten haben, \u00fcberpr\u00fcfen Sie bitte erneut Ihr Bankkonto.<\/p><p>Wenden Sie sich dann an Ihr Kreditkartenunternehmen. Es kann einige Zeit dauern, bis Ihre R\u00fcckerstattung offiziell verbucht wird.<\/p><p>Wenden Sie sich dann an Ihre Bank. Oft dauert es einige Zeit, bis eine Erstattung verbucht wird.<\/p><p>Wenn Sie all dies getan haben und Ihre R\u00fcckerstattung immer noch nicht erhalten haben, kontaktieren Sie uns bitte unter\u00a0<b>refund@thrivecommer.com<\/b><\/p><h5><b>Verkaufte Artikel<\/b><\/h5><p>Es k\u00f6nnen nur Artikel zum regul\u00e4ren Preis erstattet werden. Diese Artikel k\u00f6nnen nicht zur\u00fcckerstattet werden.<\/p><h5><b>Tauschb\u00f6rsen<\/b><\/h5><p>Wir ersetzen nur Artikel, wenn sie defekt oder besch\u00e4digt sind.<\/p><p>\u00a0<\/p><p>Distributed Growth Sp. z o.o.<br \/>Hauptsitz Ul. Poligonowa 15 F<br \/>Lublin<br \/>20-817<\/p>\t\t\t\t\t\t\t\t<\/div>\n\t\t\t\t\t<\/div>\n\t\t\t\t<\/div>\n\t\t\t\t<\/div>","protected":false},"excerpt":{"rendered":"<p>Refund Policy Our refund and return policy lasts 14 days.\u00a0If 14 days have passed since your purchase, we cannot offer you a full refund or exchange. To be eligible for a return, your item must be unused and in the same condition you received it.\u00a0It must also be in the original packaging. Several types of [&hellip;]<\/p>\n","protected":false},"author":3,"featured_media":0,"parent":0,"menu_order":0,"comment_status":"closed","ping_status":"closed","template":"","meta":{"footnotes":""},"class_list":["post-83","page","type-page","status-publish","hentry"],"_hostinger_reach_plugin_has_subscription_block":false,"_hostinger_reach_plugin_is_elementor":false,"_links":{"self":[{"href":"https:\/\/thrivecommer.com\/de\/wp-json\/wp\/v2\/pages\/83","targetHints":{"allow":["GET"]}}],"collection":[{"href":"https:\/\/thrivecommer.com\/de\/wp-json\/wp\/v2\/pages"}],"about":[{"href":"https:\/\/thrivecommer.com\/de\/wp-json\/wp\/v2\/types\/page"}],"author":[{"embeddable":true,"href":"https:\/\/thrivecommer.com\/de\/wp-json\/wp\/v2\/users\/3"}],"replies":[{"embeddable":true,"href":"https:\/\/thrivecommer.com\/de\/wp-json\/wp\/v2\/comments?post=83"}],"version-history":[{"count":19,"href":"https:\/\/thrivecommer.com\/de\/wp-json\/wp\/v2\/pages\/83\/revisions"}],"predecessor-version":[{"id":241,"href":"https:\/\/thrivecommer.com\/de\/wp-json\/wp\/v2\/pages\/83\/revisions\/241"}],"wp:attachment":[{"href":"https:\/\/thrivecommer.com\/de\/wp-json\/wp\/v2\/media?parent=83"}],"curies":[{"name":"wp","href":"https:\/\/api.w.org\/{rel}","templated":true}]}}