{"id":88,"date":"2026-03-24T18:13:09","date_gmt":"2026-03-24T18:13:09","guid":{"rendered":"https:\/\/navajowhite-wasp-229957.hostingersite.com\/cookie-policy\/"},"modified":"2026-04-11T16:36:46","modified_gmt":"2026-04-11T16:36:46","slug":"cookie-policy","status":"publish","type":"page","link":"https:\/\/thrivecommer.com\/de\/cookie-policy\/","title":{"rendered":"Cookie-Richtlinie"},"content":{"rendered":"<div data-elementor-type=\"wp-page\" data-elementor-id=\"88\" class=\"elementor elementor-88\" data-elementor-post-type=\"page\">\n\t\t\t\t<div class=\"elementor-element elementor-element-450cae26 e-flex e-con-boxed e-con e-parent\" data-id=\"450cae26\" data-element_type=\"container\" data-e-type=\"container\" data-settings=\"{&quot;background_background&quot;:&quot;classic&quot;}\">\n\t\t\t\t\t<div class=\"e-con-inner\">\n\t\t\t\t<div class=\"elementor-element elementor-element-33ba68d7 elementor-widget elementor-widget-heading\" data-id=\"33ba68d7\" data-element_type=\"widget\" data-e-type=\"widget\" data-widget_type=\"heading.default\">\n\t\t\t\t\t<h2 class=\"elementor-heading-title elementor-size-default\">Cookie-Richtlinie<\/h2>\t\t\t\t<\/div>\n\t\t\t\t\t<\/div>\n\t\t\t\t<\/div>\n\t\t<div class=\"elementor-element elementor-element-4f2754ab e-flex e-con-boxed e-con e-parent\" data-id=\"4f2754ab\" data-element_type=\"container\" data-e-type=\"container\">\n\t\t\t\t\t<div class=\"e-con-inner\">\n\t\t\t\t<div class=\"elementor-element elementor-element-1aea267e elementor-widget elementor-widget-text-editor\" data-id=\"1aea267e\" data-element_type=\"widget\" data-e-type=\"widget\" data-widget_type=\"text-editor.default\">\n\t\t\t\t\t\t\t\t\t<p><strong>Das Surfen auf der Website thrivecommer.com (im Folgenden auch als \u201cWebsite\u201d bezeichnet) beinhaltet das Senden von Cookies und \u00e4hnlichen Tools an das Endger\u00e4t des Nutzers.<\/strong><\/p><section data-particle_enable=\"false\" data-particle-mobile-disabled=\"false\" data-id=\"29efe3bb\" data-element_type=\"section\"><div><div data-id=\"7b6096bb\" data-element_type=\"column\"><div><div data-id=\"4f8dbe0d\" data-element_type=\"widget\" data-widget_type=\"text-editor.default\"><div><p>Daher, wie von den Artikeln vorgeschrieben. 13 und 122 der Gesetzesverordnung 196\/2003 (\u201cDatenschutzkodex\u201d), sowie in \u00dcbereinstimmung mit den Bestimmungen der Allgemeinen Bestimmung des Datenschutzgaranten vom 8. Mai 2014, thrivecommer.com, Inhaber der Datenverarbeitung, (angegeben als \u201cData Controller\u201d oder \u201cthrivecommer\u201d), bietet den Nutzern Informationen in Bezug auf die Cookies oder \u00e4hnliche Systeme verwendet oder deren Installation erlaubt ist.<\/p><p>Was sind Cookies?<\/p><p>Cookies sind kleine Textstrings, die die vom Nutzer besuchten Websites an sein Endger\u00e4t (in der Regel an den Browser) senden, wo sie gespeichert werden, bevor sie beim n\u00e4chsten Besuch desselben Nutzers an dieselben Websites zur\u00fcckgesendet werden.<\/p><p>Man unterscheidet zwischen technischen Cookies (die ausschlie\u00dflich f\u00fcr die \u00dcbertragung einer Nachricht \u00fcber ein elektronisches Kommunikationsnetz oder in dem Ma\u00dfe verwendet werden, wie es f\u00fcr die Bereitstellung eines ausdr\u00fccklich angeforderten Dienstes der Informationsgesellschaft unbedingt erforderlich ist) und Profilierungs-Cookies (die auf die Erstellung von Nutzerprofilen abzielen und f\u00fcr die Versendung von Werbebotschaften entsprechend den vom Nutzer w\u00e4hrend der Navigation ge\u00e4u\u00dferten Pr\u00e4ferenzen verwendet werden).<\/p><p>W\u00e4hrend der Navigation kann der Nutzer auf seinem Endger\u00e4t auch Cookies empfangen, die von verschiedenen Websites oder Webservern gesendet werden (so genannte \u201cDrittanbieter\u201d-Cookies), die direkt von den Betreibern der genannten Websites gesetzt und f\u00fcr die von ihnen festgelegten Zwecke und Methoden verwendet werden.<\/p><p>F\u00fcr welche \u00e4hnlichen Instrumente gelten die gleichen Regeln wie f\u00fcr Cookies?<\/p><p>Die Verordnung \u00fcber die Verwendung von Cookies betrifft auch andere \u00e4hnliche Instrumente.<\/p><p>Dabei handelt es sich um Instrumente (wie Pixel, Web Beacons, Web Bugs, Clear GIFs oder andere), die die Identifizierung des Nutzers oder des Endger\u00e4ts erm\u00f6glichen und die daher in den Anwendungsbereich der Bestimmung des Datenschutzgaranten vom 8. Mai 2014 aufgenommen wurden.<\/p><p>Arten von Cookies, die von dieser Website verwendet werden<\/p><p>Die Website verwendet technische Cookies sowie Analyse-Cookies und Profilierungs-Cookies von Drittanbietern und \u00e4hnliche Tools.<\/p><p>Technische Cookies<\/p><p>Die Website verwendet technische Cookies, f\u00fcr die gem\u00e4\u00df Art. 122 des Datenschutzgesetzes und der Bestimmung des Garantiegebers vom 8. Mai 2014 keine Zustimmung der betroffenen Person erforderlich ist.<\/p><p>Genauer gesagt, verwendet die Website die folgenden technischen Cookies:<\/p><table><tbody><tr><td><p>COOKIE-NAME<\/p><\/td><td><p>VERL\u00c4UFT<\/p><\/td><\/tr><tr><td><p>PHPSESSID<\/p><\/td><td><p>Am Ende der Browsing-Sitzung<\/p><\/td><\/tr><tr><td><p>Icl_current_language(zum Speichern der ausgew\u00e4hlten Sprache)<\/p><\/td><td><p>Am Ende der Browsing-Sitzung<\/p><\/td><\/tr><tr><td><p>wordpress_logged_in_(zum Speichern der Zugangsdaten f\u00fcr den reservierten Bereich)<\/p><\/td><td><p>Am Ende der Browsing-Sitzung<\/p><\/td><\/tr><tr><td><p>wordpress_test_cookie<br \/>(WordPress setzt dieses Cookie, wenn Sie sich auf der Anmeldeseite anmelden. Das Cookie wird verwendet, um zu pr\u00fcfen, ob Ihr Webbrowser so eingestellt ist, dass er Cookies zul\u00e4sst oder ablehnt).<\/p><\/td><td><p>Am Ende der Browsing-Sitzung<\/p><\/td><\/tr><tr><td><p>wordpress_xxxxx<br \/>(WordPress verwendet diese Cookies zum Speichern von Authentifizierungsdaten)<\/p><\/td><td><p>Am Ende der Browsing-Sitzung<\/p><\/td><\/tr><tr><td><p>wp-einstellungen-1<br \/>(WordPress verwendet dieses Cookie, um die Anzeige der Verwaltungsoberfl\u00e4che und m\u00f6glicherweise auch der Hauptschnittstelle der Website anzupassen).<\/p><\/td><td><p>1 Jahr<\/p><\/td><\/tr><tr><td><p>wp-einstellungen-zeit-1<br \/>(WordPress verwendet dieses Cookie, um die Anzeige der Verwaltungsoberfl\u00e4che und m\u00f6glicherweise auch der Hauptschnittstelle der Website anzupassen).<\/p><\/td><td><p>1 Jahr<\/p><\/td><\/tr><tr><td><p>w3tc_referrer (f\u00fcr das korrekte Funktionieren der Plattform)<\/p><\/td><td><p>Endet, wenn der Browser geschlossen wird<\/p><\/td><\/tr><tr><td><p>bp-aktivit\u00e4t-\u00e4lteste-seite<\/p><\/td><td><p>Am Ende der Browsing-Sitzung<\/p><\/td><\/tr><tr><td><p>woocommerce_recently_viewed(Wird verwendet, um eine Statistik der k\u00fcrzlich besuchten E-Commerce-Objekte zu erstellen)<\/p><\/td><td><p>Am Ende der Browsing-Sitzung<\/p><\/td><\/tr><tr><td><p>woocommerce_items_in_cart<br \/>(enth\u00e4lt einen eindeutigen Code f\u00fcr jeden Benutzer, so dass es m\u00f6glich ist, die Informationen \u00fcber den Einkaufswagen aus einer f\u00fcr jeden Benutzer angelegten Datenbank abzurufen. In diesem Cookie werden keine pers\u00f6nlichen Informationen gespeichert)<\/p><\/td><td><p>Am Ende der Browsing-Sitzung<\/p><\/td><\/tr><tr><td><p>woocommerce_cart_hash (enth\u00e4lt einen eindeutigen Code f\u00fcr jeden Benutzer, so dass es m\u00f6glich ist, die Warenkorbinformationen aus einer f\u00fcr jeden Benutzer erstellten Datenbank abzurufen. In diesem Cookie werden keine pers\u00f6nlichen Informationen gespeichert)<\/p><\/td><td><p>Am Ende der Browsing-Sitzung<\/p><\/td><\/tr><tr><td><p>wp_woocommerce_session(enth\u00e4lt Informationen \u00fcber den gesamten Warenkorb und hilft dem E-Commerce-System zu wissen, wenn sich die Informationen im Warenkorb \u00e4ndern. In diesem Cookie werden keine pers\u00f6nlichen Informationen gespeichert)<\/p><\/td><td><p>Ein Tag<\/p><\/td><\/tr><tr><td><p>cookie_notice_accepted (verhindert, dass die im Banner enthaltene Kurzinformation bei Verbindungen, die innerhalb der Frist hergestellt werden, erneut erscheint)<\/p><\/td><td><p>2 Jahre<\/p><\/td><\/tr><tr><td><p>cookieaccepted (verhindert, dass die im Banner enthaltenen Kurzinformationen bei Verbindungen, die innerhalb der Frist hergestellt werden, erneut erscheinen)<\/p><\/td><td><p>2 Jahre<\/p><\/td><\/tr><\/tbody><\/table><p>Cookies von Dritten<\/p><p>Einige nicht-technische Cookies von Drittanbietern werden \u00fcber die Website installiert, die aktiviert werden, wenn der Nutzer auf die Schaltfl\u00e4che \u201cOK\u201d in dem Banner klickt, das er beim Zugriff auf die Website sieht, oder wenn er weiterbl\u00e4ttert.<\/p><p>Die einzelnen Cookies von Drittanbietern werden detailliert aufgef\u00fchrt, ebenso wie die Links, \u00fcber die der Nutzer weitere Informationen erhalten und die Deaktivierung von Cookies beantragen kann.<\/p><p><em>Google Analytics<\/em><\/p><p>Die Website verwendet Google Analytics f\u00fcr Analysezwecke.<\/p><p>Hierbei handelt es sich um einen Webanalysedienst von Google, der Cookies verwendet, die auf dem Computer des Nutzers gespeichert werden, um eine statistische Analyse der Nutzung der besuchten Website zu erm\u00f6glichen; es wird darauf hingewiesen, dass Google neben Cookies auch ein Pixel-Tag (\u00a0<a href=\"http:\/\/www.google.it\/intl\/it\/policies\/privacy\/key-terms\/\">http:\/\/www.google.it\/intl\/it\/policies\/privacy\/key-terms\/<\/a>\u00a0).<\/p><p>Die von Google Analytics erzeugten Daten werden von Google gespeichert, wie in den hier verf\u00fcgbaren Informationen angegeben\u00a0\u00a0<a href=\"https:\/\/developers.google.com\/analytics\/devguides\/collection\/analyticsjs\/cookie-usage\">https:\/\/developers.google.com\/analytics\/devguides\/collection\/analyticsjs\/cookie-usage<\/a><\/p><p>Die Datenschutzbestimmungen des Unternehmens Google finden Sie auf der folgenden Website\u00a0\u00a0<a href=\"http:\/\/www.google.com\/intl\/en\/analytics\/privacyoverview.html\">http:\/\/www.google.com\/intl\/en\/analytics\/privacyoverview.html<\/a><\/p><p>Unter folgendem Link\u00a0\u00a0<a href=\"https:\/\/support.google.com\/analytics\/answer\/2763052?hl=it\">https:\/\/tools.google.com\/dlpage\/gaoptout?hl=it\u00a0<\/a>\u00a0gibt es das Browser-Add-on zur Deaktivierung von Google Analytics.<\/p><p><em>Google Remarketing-Dienste<\/em><\/p><p>Die Website nutzt die von Google Inc. angebotenen Remarketing-Dienste, die die Installation von Cookies und Pixeln beinhalten, um Werbung anzubieten, die den Interessen des Nutzers besser entspricht. Diese Tools werden vom Eigent\u00fcmer der Website f\u00fcr Remarketing-Aktivit\u00e4ten verwendet.<\/p><p>Um die Datenschutzbestimmungen des Unternehmens Google und die Deaktivierung zu konsultieren, klicken Sie bitte auf die folgenden Links:\u00a0\u00a0<a href=\"http:\/\/www.google.com\/intl\/it_it\/policies\/technologies\/ads\/-\">http:\/\/www.google.com\/intl\/it_it\/policies\/technologies\/ads\/-\u00a0<\/a>\u00a0<a href=\"https:\/\/www.google.it\/ads\/preferences\">https:\/\/www.google.it\/ads\/ Pr\u00e4ferenzen<\/a>\u00a0\u00a0\u2013<\/p><p><em>Facebook-Remarketing<\/em><\/p><p>Die Website nutzt Facebook Remarketing f\u00fcr Remarketing-Aktivit\u00e4ten.<\/p><p>Dies ist ein von der Facebook Inc. angebotener Dienst, der die Installation von Cookies und Pixeln beinhaltet, die dazu dienen, Werbung anzubieten, die den Interessen des Nutzers besser entspricht. Diese Tools werden vom Eigent\u00fcmer der Website f\u00fcr Remarketing-Aktivit\u00e4ten verwendet.<\/p><p>Weitere Informationen, auch zur Deaktivierung dieser Cookies, finden Sie unter folgendem Link\u00a0<a href=\"https:\/\/www.facebook.com\/help\/cookies\">\u00a0https:\/\/www.facebook.com\/help\/cookies<\/a><\/p><p>Installation von Cookies<\/p><p>Mit Ausnahme der technischen Cookies wird die Installation anderer Cookies und \u00e4hnlicher Instrumente dem Willen des Benutzers \u00fcberlassen, der nach dem Lesen der kurzen Informationen im entsprechenden Banner entscheidet, ihre Installation durch Anklicken der Schaltfl\u00e4che \u201cOK\u201d zuzulassen. \u201d oder durch Weiterbl\u00e4ttern.<\/p><p>Deaktivieren von Cookies<\/p><p>Unbeschadet der oben genannten technischen Cookies, die f\u00fcr die Navigation erforderlich sind, kann der Nutzer andere Cookies \u00fcber die in dieser Information angegebenen Funktionen in dem Teil, in dem die verwendeten Cookies aufgef\u00fchrt sind, oder direkt \u00fcber seinen Browser l\u00f6schen.<\/p><p>Bitte beachten Sie, dass jeder Browser unterschiedliche Verfahren zur Verwaltung der Einstellungen hat. Spezifische Anweisungen erhalten Sie \u00fcber die unten stehenden Links.<\/p><p><a href=\"http:\/\/windows.microsoft.com\/it-it\/windows7\/block-enable-or-allow-cookies\">Microsoft Windows Explorer<\/a><\/p><p><a href=\"https:\/\/support.google.com\/chrome\/bin\/answer.py?hl=it&amp;answer=95647&amp;p=cpn_cook\">Google Chrome<\/a><\/p><p><a href=\"http:\/\/support.mozilla.org\/it-IT\/kb\/Enabling\">Mozilla Firefox<\/a><\/p><p><a href=\"http:\/\/support.apple.com\/kb\/PH17191?viewlocale=it_IT&amp;locale=it_IT\">Apple Safari<\/a><\/p><p>In Bezug auf Nutzer, die von einem Mobiltelefon aus surfen, wird darauf hingewiesen, dass die Systemkonfigurationen, um die Speicherung von Cookies auszuschlie\u00dfen oder sie zu l\u00f6schen, je nach Marke und\/oder Modell des verwendeten Ger\u00e4ts variieren und es daher notwendig ist, die vom Hersteller bereitgestellten Anweisungen zu konsultieren. .<\/p><p>Um sich \u00fcber die auf Ihrem Endger\u00e4t gespeicherten Cookies zu informieren und sie einzeln zu deaktivieren, klicken Sie bitte auf den Link:\u00a0\u00a0<a href=\"http:\/\/www.youronlinechoices.com\/it\/le-tue-scelte\">http:\/\/www.youronlinechoices.com\/it\/le-tue-scelte<\/a>\u00a0.<\/p><p>Rechte der betroffenen Partei<\/p><p>Der Betroffene kann die in Art. genannten Rechte jederzeit ohne Formalit\u00e4ten geltend machen, indem er sich an den Inhaber der Datenverarbeitung wendet, auch per E-Mail an contact@thrivecommer.com. 7 des Gesetzesdekrets vom 30. Juni 2003 Nr. 196, das im Folgenden w\u00f6rtlich wiedergegeben wird.<\/p><p>Art. 7 Gesetzesdekret 196\/2003<\/p><ol><li>Der Betroffene hat das Recht, eine Best\u00e4tigung \u00fcber das Vorhandensein oder Nichtvorhandensein der ihn betreffenden personenbezogenen Daten zu erhalten, auch wenn diese noch nicht registriert sind, sowie deren Mitteilung in verst\u00e4ndlicher Form.<\/li><li>Der Betroffene hat das Recht, die Angabe zu erhalten:<\/li><li>(a) die Herkunft der personenbezogenen Daten;<\/li><li>(b) die Zwecke und Methoden der Verarbeitung;<\/li><li>(c) der angewandten Logik im Falle einer Verarbeitung mit Hilfe elektronischer Instrumente;<\/li><li>(d) die Angaben zur Identifizierung des Eigent\u00fcmers, der Gesch\u00e4ftsf\u00fchrer und des gem\u00e4\u00df Artikel 5 Absatz 2 benannten Vertreters;<\/li><li>(e) die Personen oder Kategorien von Personen, denen die personenbezogenen Daten mitgeteilt werden k\u00f6nnen oder die in ihrer Eigenschaft als im Staatsgebiet namhaft gemachte Vertreter, Verantwortliche oder Beauftragte davon Kenntnis erlangen k\u00f6nnen.<\/li><li>Der Interessent hat das Recht auf Auskunft:<\/li><li>(a) die Aktualisierung, Berichtigung oder, falls gew\u00fcnscht, Erg\u00e4nzung der Daten;<\/li><li>b) zu verlangen, dass widerrechtlich verarbeitete Daten gel\u00f6scht, anonymisiert oder gesperrt werden; dies gilt auch f\u00fcr Daten, deren Aufbewahrung f\u00fcr die Zwecke, f\u00fcr die sie erhoben oder sp\u00e4ter verarbeitet wurden, nicht erforderlich ist;<\/li><li>(c) eine Bescheinigung dar\u00fcber, dass die unter den Buchstaben a) und b) angegebenen Vorg\u00e4nge, auch was ihren Inhalt betrifft, denjenigen zur Kenntnis gebracht wurden, denen die Daten \u00fcbermittelt oder bei denen sie verbreitet wurden, sofern sich dies nicht als unm\u00f6glich erweist oder der Aufwand an Mitteln im Verh\u00e4ltnis zum gesch\u00fctzten Recht unvertretbar gro\u00df w\u00e4re.<\/li><li>Der Betroffene hat das Recht, ganz oder teilweise Einspruch zu erheben:<\/li><li>a) sich aus berechtigten Gr\u00fcnden der Verarbeitung der ihn betreffenden personenbezogenen Daten zu widersetzen, auch wenn diese dem Zweck der Erhebung entsprechen;<\/li><li>b) der Verarbeitung personenbezogener Daten, die sie betreffen, zu widersetzen, wenn diese Verarbeitung zum Zwecke des Versands von Werbematerial oder des Direktverkaufs, zur Markt- oder Meinungsforschung oder zur Handelsinformation erfolgt.<\/li><\/ol><p>Weitere Informationen \u00fcber die Verarbeitung personenbezogener Daten finden Sie auf der Seite \u00fcber den Datenschutz.<\/p><\/div><p>\u00a0<\/p><p>Distributed Growth Sp. z o.o.<br \/>Hauptsitz Ul. Poligonowa 15 F<br \/>Lublin<br \/>20-817<\/p><\/div><\/div><\/div><\/div><\/section>\t\t\t\t\t\t\t\t<\/div>\n\t\t\t\t\t<\/div>\n\t\t\t\t<\/div>\n\t\t\t\t<\/div>","protected":false},"excerpt":{"rendered":"<p>Cookie Policy Browsing the thrivecommer.com website (hereinafter also referred to as the &#8220;website&#8221;) involves the sending of cookies and similar tools to the user&#8217;s terminal. Therefore, as prescribed by the articles. 13 and 122 of Legislative Decree 196\/2003 (&#8220;privacy code&#8221;), as well as in accordance with the provisions of the General Provision of the Privacy [&hellip;]<\/p>\n","protected":false},"author":3,"featured_media":0,"parent":0,"menu_order":0,"comment_status":"closed","ping_status":"closed","template":"","meta":{"footnotes":""},"class_list":["post-88","page","type-page","status-publish","hentry"],"_hostinger_reach_plugin_has_subscription_block":false,"_hostinger_reach_plugin_is_elementor":false,"_links":{"self":[{"href":"https:\/\/thrivecommer.com\/de\/wp-json\/wp\/v2\/pages\/88","targetHints":{"allow":["GET"]}}],"collection":[{"href":"https:\/\/thrivecommer.com\/de\/wp-json\/wp\/v2\/pages"}],"about":[{"href":"https:\/\/thrivecommer.com\/de\/wp-json\/wp\/v2\/types\/page"}],"author":[{"embeddable":true,"href":"https:\/\/thrivecommer.com\/de\/wp-json\/wp\/v2\/users\/3"}],"replies":[{"embeddable":true,"href":"https:\/\/thrivecommer.com\/de\/wp-json\/wp\/v2\/comments?post=88"}],"version-history":[{"count":19,"href":"https:\/\/thrivecommer.com\/de\/wp-json\/wp\/v2\/pages\/88\/revisions"}],"predecessor-version":[{"id":235,"href":"https:\/\/thrivecommer.com\/de\/wp-json\/wp\/v2\/pages\/88\/revisions\/235"}],"wp:attachment":[{"href":"https:\/\/thrivecommer.com\/de\/wp-json\/wp\/v2\/media?parent=88"}],"curies":[{"name":"wp","href":"https:\/\/api.w.org\/{rel}","templated":true}]}}