{"id":93,"date":"2026-03-24T18:13:11","date_gmt":"2026-03-24T18:13:11","guid":{"rendered":"https:\/\/navajowhite-wasp-229957.hostingersite.com\/terms-and-conditions\/"},"modified":"2026-04-11T16:37:05","modified_gmt":"2026-04-11T16:37:05","slug":"terms-and-conditions","status":"publish","type":"page","link":"https:\/\/thrivecommer.com\/de\/terms-and-conditions\/","title":{"rendered":"Bedingungen und Konditionen"},"content":{"rendered":"<div data-elementor-type=\"wp-page\" data-elementor-id=\"93\" class=\"elementor elementor-93\" data-elementor-post-type=\"page\">\n\t\t\t\t<div class=\"elementor-element elementor-element-7798fd0d e-flex e-con-boxed e-con e-parent\" data-id=\"7798fd0d\" data-element_type=\"container\" data-e-type=\"container\" data-settings=\"{&quot;background_background&quot;:&quot;classic&quot;}\">\n\t\t\t\t\t<div class=\"e-con-inner\">\n\t\t\t\t<div class=\"elementor-element elementor-element-1598cc38 elementor-widget elementor-widget-heading\" data-id=\"1598cc38\" data-element_type=\"widget\" data-e-type=\"widget\" data-widget_type=\"heading.default\">\n\t\t\t\t\t<h2 class=\"elementor-heading-title elementor-size-default\">Bedingungen und Konditionen<\/h2>\t\t\t\t<\/div>\n\t\t\t\t\t<\/div>\n\t\t\t\t<\/div>\n\t\t<div class=\"elementor-element elementor-element-5e2c09de e-flex e-con-boxed e-con e-parent\" data-id=\"5e2c09de\" data-element_type=\"container\" data-e-type=\"container\">\n\t\t\t\t\t<div class=\"e-con-inner\">\n\t\t\t\t<div class=\"elementor-element elementor-element-5537cd0d elementor-widget elementor-widget-text-editor\" data-id=\"5537cd0d\" data-element_type=\"widget\" data-e-type=\"widget\" data-widget_type=\"text-editor.default\">\n\t\t\t\t\t\t\t\t\t<section data-id=\"55c6b003\" data-element_type=\"section\">\n<div>\n<div data-id=\"58684350\" data-element_type=\"column\">\n<div>\n<div data-id=\"2969944a\" data-element_type=\"widget\" data-widget_type=\"text-editor.default\">\n<div>\n<p><strong>Der Online-Verkauf kann auf den Versandhandel zur\u00fcckgef\u00fchrt werden und daher ohne die Verpflichtung zur Ausstellung einer Rechnung gem\u00e4\u00df Artikel 22 des Pr\u00e4sidialerlasses Nr. 633 von 1972 und ohne die Verpflichtung zur Ausstellung einer Quittung gem\u00e4\u00df Artikel 2, Buchstabe oo) des Pr\u00e4sidialerlasses Nr. 696 vom 21. Dezember 1996.<\/strong><\/p>\n<p>&nbsp;DEFINITIONEN<\/p>\n<p>Der Begriff \u201cOnline-Verkaufsvertrag\u201d bezeichnet den Kauf- und Verkaufsvertrag \u00fcber bewegliche Sachen des Partnerunternehmens thrivecommer.com, der zwischen diesem und dem K\u00e4ufer im Rahmen eines vom Lieferanten organisierten Fernverkaufssystems mit Hilfe von Telematikmitteln geschlossen wird. Der Ausdruck \u201cK\u00e4ufer\u201d bedeutet der Verbraucher, eine nat\u00fcrliche Person, die den Kauf macht, in diesem Vertrag, f\u00fcr Zwecke, die nicht im Zusammenhang mit einer kommerziellen oder beruflichen T\u00e4tigkeit durchgef\u00fchrt. Der Begriff \u201cthrivecommer.com\u201d bezeichnet die Person, die den Verkauf der im vorliegenden Vertrag genannten Waren f\u00f6rdert. Der Ausdruck \u201cPARTNERUNTERNEHMEN\u201d bezeichnet die Person, die den Verkauf der unter diesen Vertrag fallenden Waren durchf\u00fchrt.<\/p>\n<p>2) IDENTIFIZIERUNG UND VERPFLICHTUNGEN DER PARTEIEN<\/p>\n<p>Lieferant: Die unter diese allgemeinen Bedingungen fallenden Waren werden von der PARTNERGESELLSCHAFT von thrivecommer.com zum Verkauf angeboten, die nur f\u00fcr die Werbung der betreffenden Waren, nicht aber f\u00fcr den Verkauf zwischen den Parteien verantwortlich ist. K\u00e4ufer: Erkl\u00e4rt ausdr\u00fccklich, den Kauf f\u00fcr Zwecke, die nicht im Zusammenhang mit der kommerziellen oder beruflichen T\u00e4tigkeit durchgef\u00fchrt und verpflichtet sich, nicht in den Handel, was gekauft wurde.<\/p>\n<p>3) GEGENSTAND UND ABSCHLUSS DES VERTRAGES<\/p>\n<p>Mit diesem Vertrag verkauft die PARTNERGESELLSCHAFT von thrivecommer.com und der K\u00e4ufer kauft aus der Ferne \u00fcber telematische Werkzeuge nur die materiellen beweglichen G\u00fcter, die auf dieser Website oder \u00fcber unsere offiziellen Verkaufskan\u00e4le angegeben und zum Verkauf angeboten werden. Der Vertrag zwischen der PARTNERGESELLSCHAFT von thrivecommer.com und dem K\u00e4ufer wird ausschlie\u00dflich \u00fcber das Internet geschlossen, indem der K\u00e4ufer auf die Adresse dieser Website zugreift, wo er nach den angegebenen Verfahren den Vorschlag f\u00fcr den Kauf der zum Verkauf angebotenen Waren formalisiert. Der Kaufvertrag wird durch eine unwiderrufliche Bestellung des K\u00e4ufers abgeschlossen und vervollst\u00e4ndigt, indem er das Bestellformular online ausf\u00fcllt und absendet, das auf der Seite mit der Zusammenfassung der Bestellung zum Ausdrucken angezeigt wird, die die Angaben zum Besteller und zur Bestellung, den Preis der gekauften Ware und die Versandkosten, die Zahlungsmodalit\u00e4ten und -bedingungen sowie die Adresse, an die die Ware geliefert wird, enth\u00e4lt. Wenn die PARTNERGESELLSCHAFT von thrivecommer.com die Bestellung des K\u00e4ufers erh\u00e4lt, sendet sie eine Best\u00e4tigungs-E-Mail und\/oder zeigt eine druckbare Webseite an, die die Bestellung best\u00e4tigt und zusammenfasst und die auch die vom K\u00e4ufer im Bestellformular eingegebenen Daten enth\u00e4lt. Auf Wunsch wird die Verkaufsrechnung von der PARTNERGESELLSCHAFT von thrivecommer.com in elektronischer Form ausgestellt.<\/p>\n<p>4) ZAHLUNGS- UND ERSTATTUNGSMODALIT\u00c4TEN<\/p>\n<p>die PARTNERGESELLSCHAFT von thrivecommer.com stimmt den folgenden Zahlungsarten f\u00fcr die gekauften Produkte zu: * Nachnahme * Bank\u00fcberweisung * Zahlung mit PayPal * Die Kreditkartendaten werden direkt von den Banken verwaltet, die auf die Verwaltung von Online-Zahlungen spezialisiert sind; die PayPal-Daten werden direkt von PayPal verwaltet. die PARTNERGESELLSCHAFT von thrivecommer.com beh\u00e4lt sich das Recht vor, eine Anfrage an die kartenausgebende Bank zu stellen, um die Echtheit des Eigentums der Karte zu \u00fcberpr\u00fcfen, oder an PayPal im Falle von Problemen. Jede R\u00fcckerstattung an den K\u00e4ufer, wenn er dazu berechtigt ist, wird durch R\u00fcckbuchung der Zahlung per Kreditkarte, Bank\u00fcberweisung oder PayPal, innerhalb von maximal 30 Tagen gutgeschrieben. ab dem Datum, an dem die PARTNERGESELLSCHAFT von thrivecommer.com Kenntnis von der Ursache, die das Recht auf R\u00fcckerstattung erzeugt.<\/p>\n<p>5) LIEFERZEITEN UND -METHODEN<\/p>\n<p>die PARTNERFIRMA von thrivecommer.com liefert die bestellten Produkte \u00fcber die vereinbarten Kuriere aus. Die Produkte werden mit einer speziellen Verpackung versandt. Sollte diese zerrissen oder besch\u00e4digt ankommen, \u00fcberpr\u00fcfen Sie bitte die Unversehrtheit des Produktes und melden Sie den Schaden unverz\u00fcglich den Mitarbeitern der PARTNERGESELLSCHAFT von thrivecommer.com. .<b>&nbsp;<\/b><\/p>\n<p>Die Bearbeitungszeit der Bestellung kann variieren, vom Tag der Bestellung bis zu einem Maximum von 40 Arbeitstagen, innerhalb derer das Produkt geliefert wird. Sollte die PARTNERGESELLSCHAFT von thrivecommer.com nicht in der Lage sein, die Lieferung innerhalb der genannten Frist auszuf\u00fchren, wird der K\u00e4ufer umgehend per E-Mail benachrichtigt, unter Angabe der Frist, innerhalb derer die Bestellung bearbeitet wird. Die Lieferzeiten k\u00f6nnen je nach Bestimmungsland und anderen Faktoren, auf die der Lieferant keinen direkten Einfluss hat und die er nicht zu vertreten hat, variieren.<\/p>\n<p>6) VERSAND- UND LIEFERKOSTEN<\/p>\n<p>Die Lieferung Ihrer Produkte erfolgt ohne zus\u00e4tzliche Kosten im Vergleich zu dem, was bereits vereinbart wurde, wenn<br>&nbsp;der Bestellung. F\u00fcr alle anderen L\u00e4nder kann der Kurier eine separate Rechnung vorlegen, in der die Zahlung der von den \u00f6rtlichen Beh\u00f6rden geforderten Z\u00f6lle und Steuern verlangt wird. Dem K\u00e4ufer, der in einem Land wohnt, das nicht zur EG geh\u00f6rt, wird empfohlen, sich \u00fcber die \u00f6rtlichen Steuern und Abgaben zu informieren, bevor er eine Bestellung beim Lieferanten aufgibt.<\/p>\n<p>Die Lieferung erfolgt an die Hausnummer und nicht an die Etage.<\/p>\n<p>Nach Erhalt der Ware ist eine \u00dcberpr\u00fcfung erforderlich:&nbsp;<\/p>\n<ul>\n<li>dass die Anzahl der gelieferten Packst\u00fccke mit den Angaben im Bef\u00f6rderungspapier \u00fcbereinstimmt<\/li>\n<li>dass die Verpackung auch bei den Verschlussb\u00e4ndern intakt und unver\u00e4ndert ist.<\/li>\n<\/ul>\n<p>NB: Der Kunde muss den Frachtbrief nur unterschreiben, wenn die Verpackung der Waren unversehrt ist. Bei offensichtlicher \u00e4u\u00dferer Besch\u00e4digung oder bei Verdacht auf Manipulation (z. B. Verpackungsb\u00e4nder) ist die Annahme der Ware zu verweigern oder unter Vorbehalt zu akzeptieren, wobei der Schaden auf dem Frachtbrief zu vermerken ist, den der Spediteur bei Erhalt der Lieferung zu unterzeichnen bittet.<\/p>\n<p>9) VERF\u00dcGBARKEIT DER PRODUKTE<\/p>\n<p>Die PARTNERGESELLSCHAFT von thrivecommer.com gew\u00e4hrleistet die unverz\u00fcgliche Bearbeitung und Erf\u00fcllung von Bestellungen \u00fcber das eingesetzte elektronische System. \u00dcbersteigt eine Bestellung die im Lager vorhandene Menge, teilt die PARTNERFIRMA von thrivecommer.com dem K\u00e4ufer per E-Mail mit, ob die Ware nicht mehr buchbar ist oder welche Wartezeiten f\u00fcr die Beschaffung der gew\u00e4hlten Ware bestehen und fragt, ob Sie die Bestellung best\u00e4tigen wollen oder nicht.<\/p>\n<p>10) HAFTUNGSBESCHR\u00c4NKUNGEN<\/p>\n<p>die PARTNERGESELLSCHAFT von thrivecommer.com \u00fcbernimmt keine Verantwortung f\u00fcr Leistungen, die auf h\u00f6here Gewalt zur\u00fcckzuf\u00fchren sind, wenn sie nicht in der Lage ist, den Auftrag innerhalb der im Vertrag festgelegten Fristen auszuf\u00fchren. die PARTNERGESELLSCHAFT von thrivecommer.com kann gegen\u00fcber dem K\u00e4ufer nicht f\u00fcr Leistungen oder St\u00f6rungen im Zusammenhang mit der Nutzung des Internet-Netzwerks verantwortlich gemacht werden, die au\u00dferhalb ihrer eigenen Kontrolle oder der ihrer Sub-Provider liegen, au\u00dfer im Falle von Vorsatz oder grober Fahrl\u00e4ssigkeit. die PARTNERGESELLSCHAFT von thrivecommer.com haftet auch nicht f\u00fcr Sch\u00e4den, Verluste und Kosten, die der K\u00e4ufer infolge der Nichterf\u00fcllung des Vertrages aus Gr\u00fcnden, die ihm nicht zuzuschreiben sind, erleidet, wobei der K\u00e4ufer nur das Recht auf die volle R\u00fcckerstattung des gezahlten Preises hat. die PARTNERGESELLSCHAFT von thrivecommer.com \u00fcbernimmt keine Verantwortung f\u00fcr die betr\u00fcgerische oder unerlaubte Verwendung von Kreditkarten durch Dritte bei der Bezahlung der gekauften Produkte, wenn sie nachweist, dass sie alle \u00fcblichen Vorsichtsma\u00dfnahmen getroffen hat, die zu der Zeit m\u00f6glich waren und auf der Grundlage der \u00fcblichen Sorgfalt.<\/p>\n<p>11) M\u00c4NGELHAFTUNG, SCHADENSNACHWEIS UND ERSATZF\u00c4HIGER SCHADEN: PFLICHTEN DES VERK\u00c4UFERS<\/p>\n<p>Kein Schadenersatz wird f\u00e4llig, wenn der Gesch\u00e4digte den Produktfehler und die daraus resultierende Gefahr kannte und sich ihr dennoch freiwillig ausgesetzt hat. In jedem Fall muss der Gesch\u00e4digte den Fehler, den Schaden und den Kausalzusammenhang zwischen dem Fehler und dem Schaden beweisen. Der Gesch\u00e4digte kann eine Entsch\u00e4digung f\u00fcr Sch\u00e4den verlangen, die durch Tod oder K\u00f6rperverletzung oder durch die Zerst\u00f6rung oder Verschlechterung von etwas anderem als dem fehlerhaften Produkt verursacht wurden, vorausgesetzt, dass es sich um einen Typ handelt, der normalerweise f\u00fcr den privaten Gebrauch oder Verbrauch bestimmt ist und somit haupts\u00e4chlich vom Gesch\u00e4digten genutzt wird. Die PARTNERGESELLSCHAFT von thrivecommer.com \u00fcbernimmt keine Verantwortung f\u00fcr Leistungen, die auf h\u00f6here Gewalt zur\u00fcckzuf\u00fchren sind, wie Unf\u00e4lle, Explosionen, Br\u00e4nde, Streiks und\/oder Aussperrungen, Erdbeben, \u00dcberschwemmungen und andere \u00e4hnliche Ereignisse, die ganz oder teilweise die Ausf\u00fchrung des Kaufvertrags innerhalb der vereinbarten Zeiten verhindern. Die Firma haftet gegen\u00fcber niemandem f\u00fcr Sch\u00e4den, Verluste und Kosten, die durch die Nichterf\u00fcllung des Kaufvertrags aus den oben genannten Gr\u00fcnden entstehen, oder f\u00fcr Sch\u00e4den, Verluste und Kosten, die durch die Nutzung oder Unm\u00f6glichkeit der Nutzung der gekauften Produkte entstehen, wobei der Kunde nur das Recht auf eine eventuelle R\u00fcckerstattung des gezahlten Preises hat, ausgenommen eventuelle Versandkosten. Ebenso ist es nicht verantwortlich f\u00fcr jede betr\u00fcgerische oder unerlaubte Verwendung, die von Dritten von Kreditkarten bei der Zahlung f\u00fcr die gekauften Produkte gemacht werden k\u00f6nnen.<\/p>\n<p>13) VERPFLICHTUNGEN DES K\u00c4UFERS<\/p>\n<p>Der K\u00e4ufer verpflichtet sich, den Preis der gekauften Ware zu den im Vertrag angegebenen Zeiten und Modalit\u00e4ten zu zahlen. Der K\u00e4ufer verpflichtet sich, nach Abschluss des Online-Kaufvorgangs die Webseite mit den Bestelldaten auszudrucken und aufzubewahren. Die in diesem Vertrag enthaltenen Informationen wurden im \u00dcbrigen bereits vom K\u00e4ufer eingesehen und akzeptiert, der dies anerkennt, da zum Zeitpunkt des Abschlusses der Bestellung ein Verweis auf diese Webseite angezeigt wird.<\/p>\n<p>14) WIDERRUFSRECHT<\/p>\n<p>(ART. 5 Gesetzesdekret 185\/99) Der KUNDE hat das Recht, von dem aus der Ferne abgeschlossenen Vertrag zur\u00fcckzutreten, ohne jegliche Strafe und ohne Angabe von Gr\u00fcnden, indem er den R\u00fccktritt innerhalb von 10 Tagen nach der Bestellung per E-Mail an die Adresse des VERK\u00c4UFERS contacts@thrivecommer.com mitteilt, bevor er die zuvor angegebene Best\u00e4tigung erhalten hat, oder bevor die Ware versandt wurde. Wenn die Ware bereits geliefert wurde, wird das R\u00fccktrittsrecht ausge\u00fcbt, indem innerhalb von 10 Werktagen ab dem Tag des Erhalts der Ware ein Einschreiben mit R\u00fcckschein an die Adresse des Hauptsitzes des VERK\u00c4UFERS geschickt wird. Diese Mitteilung muss die notwendigen Daten zur genauen Identifizierung der Bestellung, die eindeutige Absicht, auf den Kauf zu verzichten, und das Produkt oder die Produkte, f\u00fcr die das Widerrufsrecht ausge\u00fcbt werden soll (die in keiner Weise benutzt worden sein d\u00fcrfen und die mit der unversehrten Originalverpackung zur\u00fcckgeschickt werden m\u00fcssen), enthalten und eine Kopie des entsprechenden Steuerdokuments (Rechnung oder Transportdokument) beif\u00fcgen.<\/p>\n<p>15) WARENAUSTAUSCH<\/p>\n<p>die PARTNER GESELLSCHAFT von thrivecommer.com gew\u00e4hrt dem K\u00e4ufer auch das Recht, Waren f\u00fcr den gleichen Artikel zu tauschen. Um einen Austausch von Waren zu erhalten, ist der K\u00e4ufer verpflichtet, eine E-Mail an die Adresse contacts@thrivecommer.com immer innerhalb von 10 (zehn) Arbeitstagen ab dem Tag des Eingangs mit Angaben der Code des Elements oder Elemente, die beabsichtigen, durch Angabe der Ersatzwaren zu \u00e4ndern sind.<br>Sobald der Antrag eingegangen ist, wird der Kundendienst der PARTNERGESELLSCHAFT von thrivecommer.com dem K\u00e4ufer eine schriftliche Best\u00e4tigung zusenden, die die Genehmigungsnummer f\u00fcr den Umtausch der Ware enth\u00e4lt. Der K\u00e4ufer muss diese Genehmigungsnummer f\u00fcr den Warenaustausch auf dem Etikett angeben, das auf der Verpackung der zur\u00fcckzusendenden Produkte angebracht ist. In jedem Fall werden die Transportkosten f\u00fcr den Austausch vom K\u00e4ufer getragen. die PARTNERGESELLSCHAFT von thrivecommer.com tr\u00e4gt nicht die Kosten, die notwendig sind, um das Produkt im Austausch zu senden. die PARTNERGESELLSCHAFT von thrivecommer.com beh\u00e4lt sich das Recht vor, fotografische Beweise zu verlangen, bevor sie R\u00fccksendungen oder Umtausch f\u00fcr Produkte, die angeblich defekt sind, genehmigt. F\u00fcr den Fall, dass sie defekt sind, wird die PARTNER GESELLSCHAFT von thrivecommer.com nicht die Kosten tragen, die notwendig sind, um die Produkte zu ihren Lagern zur\u00fcckzuschicken, eine R\u00fcckkehr, die vom K\u00e4ufer \u00fcbernommen werden muss. Wir akzeptieren keinen Umtausch oder R\u00fcckgabe von Produkten, die manipuliert oder anderweitig ver\u00e4ndert wurden. Es liegt in der Verantwortung des K\u00e4ufers, den Transport der zum Umtausch zur\u00fcckgesandten Waren sicherzustellen; andernfalls werden die Waren im Falle eines Diebstahls oder Verlusts nicht zur\u00fcckerstattet. Wir akzeptieren keine R\u00fccksendungen von Verkaufsartikeln oder Sonderanfertigungen.<\/p>\n<p>16) SCHUTZ DER VERTRAULICHKEIT UND VERARBEITUNG DER DATEN DES K\u00c4UFERS<\/p>\n<p>GALAXY ADV sch\u00fctzt die Privatsph\u00e4re seiner Kunden und garantiert, dass die Verarbeitung der Daten in \u00dcbereinstimmung mit den Bestimmungen des Datenschutzgesetzes gem\u00e4\u00df Gesetzesdekret Nr. 196 vom 30. Juni 2003 erfolgt. Die pers\u00f6nlichen und steuerlichen Daten, die direkt und\/oder \u00fcber Dritte vom Lieferanten, der der Inhaber der Datenverarbeitung ist, erfasst und verarbeitet werden, werden in Papierform, elektronisch und telematisch, in Bezug auf die Verarbeitungsmethoden mit dem Ziel der Erfassung der Bestellung und der Aktivierung der Verfahren f\u00fcr die Ausf\u00fchrung dieses Vertrages und der damit verbundenen notwendigen Mitteilungen, zus\u00e4tzlich zur Erf\u00fcllung der gesetzlichen Verpflichtungen, sowie um eine effiziente Verwaltung der Gesch\u00e4ftsbeziehungen zu erm\u00f6glichen, soweit dies notwendig ist, um die angeforderte Dienstleistung bestm\u00f6glich auszuf\u00fchren (Art. 24 , Absatz 1, Buchstabe b, Gesetzesdekret Nr. 196\/2003). GALAXY ADV verpflichtet sich, die vom Kunden \u00fcbermittelten Daten und Informationen vertraulich zu behandeln und sie nicht an Unbefugte weiterzugeben, sie nicht f\u00fcr andere Zwecke als die, f\u00fcr die sie erhoben wurden, zu verwenden oder sie an Dritte weiterzugeben. Diese Daten d\u00fcrfen nur auf Verlangen der Justizbeh\u00f6rde oder anderer gesetzlich zugelassener Beh\u00f6rden offengelegt werden. Die personenbezogenen Daten werden nach Unterzeichnung einer Vertraulichkeitserkl\u00e4rung nur an Personen weitergegeben, die mit der Durchf\u00fchrung der f\u00fcr die Erf\u00fcllung des Vertrags erforderlichen T\u00e4tigkeiten beauftragt sind, und zwar ausschlie\u00dflich im Rahmen dieses Zwecks. Der K\u00e4ufer verf\u00fcgt \u00fcber die Rechte gem\u00e4\u00df Art. 7 des Gesetzesdekrets 196\/03, n\u00e4mlich das Recht auf a) die Aktualisierung, die Berichtigung oder, wenn er daran interessiert ist, die Erg\u00e4nzung der Daten zu verlangen; b) zu verlangen, dass widerrechtlich verarbeitete Daten gel\u00f6scht, anonymisiert oder gesperrt werden, auch wenn deren Aufbewahrung f\u00fcr die Zwecke, f\u00fcr die sie erhoben oder sp\u00e4ter verarbeitet wurden, nicht erforderlich ist; c) die Best\u00e4tigung, dass die unter den Buchstaben a) und b) genannten Vorg\u00e4nge, auch was ihren Inhalt betrifft, jenen mitgeteilt wurden, denen die Daten \u00fcbermittelt oder bei denen sie verbreitet wurden, sofern sich dies nicht als unm\u00f6glich erweist oder der Aufwand an Mitteln im Verh\u00e4ltnis zum gesch\u00fctzten Recht unvertretbar gro\u00df w\u00e4re. Der Betroffene hat au\u00dferdem das Recht, sich ganz oder teilweise zu widersetzen: i) aus berechtigten Gr\u00fcnden gegen die Verarbeitung der ihn betreffenden personenbezogenen Daten, auch wenn diese dem Zweck der Erhebung entsprechen; ii) gegen die Verarbeitung der ihn betreffenden personenbezogenen Daten zum Zwecke des Versands von Werbe- oder Direktverkaufsmaterial oder zur Durchf\u00fchrung von Marktforschungen oder kommerziellen Mitteilungen. Die Mitteilung der personenbezogenen Daten durch den K\u00e4ufer ist eine notwendige Bedingung f\u00fcr die korrekte und rechtzeitige Ausf\u00fchrung dieses Vertrags. Andernfalls kann die Anfrage des K\u00e4ufers nicht bearbeitet werden. In jedem Fall werden die erfassten Daten nicht l\u00e4nger aufbewahrt, als es f\u00fcr die Zwecke, f\u00fcr die sie erhoben oder sp\u00e4ter verarbeitet wurden, erforderlich ist.<\/p>\n<p>17) MITTEILUNGEN UND BESCHWERDEN<\/p>\n<p>Gem\u00e4\u00df Art. 12 der Gesetzesverordnung 70\/03 informiert thrivecommer.com den K\u00e4ufer dar\u00fcber, dass jede gesendete Bestellung in digitaler Form auf dem Server, auf dem sich die Website befindet, unter Einhaltung von Vertraulichkeits- und Sicherheitskriterien gespeichert wird.<\/p>\n<p>18) METHODEN DER VERTRAGSLAGERUNG<\/p>\n<p>Schriftliche Mitteilungen an den Lieferanten und eventuelle Reklamationen sind nur g\u00fcltig, wenn sie an die folgende Adresse geschickt werden&nbsp;<\/p>\n<p>Datenkontrolleur<\/p>\n<p><u>thrivecommer.com<\/u><\/p>\n<p>E-Mail Adresse des Eigent\u00fcmers: contacts@thrivecommer.com<\/p>\n<p>Der Abnehmer gibt im Anmeldeformular seinen Wohnsitz und seinen Aufenthaltsort, seine Telefonnummer oder seine E-Mail-Adresse an, an die er Mitteilungen des Lieferanten zu senden w\u00fcnscht.<\/p>\n<p>19) DAUER UND WIRKSAMKEIT DER VERTRAGSBEDINGUNGEN<\/p>\n<p><em>Die Best\u00e4tigung der Bestellung bedeutet f\u00fcr den K\u00e4ufer die Annahme der vorliegenden allgemeinen Bedingungen.&nbsp;<\/em>&nbsp;Diese Bedingungen k\u00f6nnen direkt mit der \u00dcbertragung der neuen Regelung auf dieser Website aktualisiert oder ge\u00e4ndert werden. Die \u00c4nderung oder Aktualisierung ist g\u00fcltig und wirksam f\u00fcr Auftr\u00e4ge, die noch nicht eingegeben wurden und f\u00fcr die die Webseite mit der Zusammenfassung der Auftragsdaten noch nicht angezeigt und gedruckt wurde.<\/p>\n<p>Kontaktinfo<\/p>\n<ul>\n<li>E-Mail Adresse des Eigent\u00fcmers: contacts@thrivecommer.com<\/li>\n<\/ul>\n<\/div>\n<\/div>\n<\/div>\n<\/div>\n<\/div>\n<\/section>\n<section data-id=\"6e0f6262\" data-element_type=\"section\" data-settings=\"{&quot;background_background&quot;:&quot;classic&quot;}\">\n<div>\n<div data-id=\"19fe172c\" data-element_type=\"column\">\n<div>\n<div data-id=\"38ede69\" data-element_type=\"widget\" data-widget_type=\"image.default\">&nbsp;<\/div>\n<\/div>\n<\/div>\n<\/div>\n<\/section>\t\t\t\t\t\t\t\t<\/div>\n\t\t\t\t\t<\/div>\n\t\t\t\t<\/div>\n\t\t\t\t<\/div>","protected":false},"excerpt":{"rendered":"<p>Terms and Conditions Online sales can be traced back to mail order sales and therefore without the obligation of an invoice as provided for in Article 22 of Presidential Decree 633 of 1972, and without the obligation to issue a receipt as provided for in Article 2, letter oo), of Presidential Decree 21 December 1996, [&hellip;]<\/p>\n","protected":false},"author":3,"featured_media":0,"parent":0,"menu_order":0,"comment_status":"closed","ping_status":"closed","template":"","meta":{"footnotes":""},"class_list":["post-93","page","type-page","status-publish","hentry"],"_hostinger_reach_plugin_has_subscription_block":false,"_hostinger_reach_plugin_is_elementor":false,"_links":{"self":[{"href":"https:\/\/thrivecommer.com\/de\/wp-json\/wp\/v2\/pages\/93","targetHints":{"allow":["GET"]}}],"collection":[{"href":"https:\/\/thrivecommer.com\/de\/wp-json\/wp\/v2\/pages"}],"about":[{"href":"https:\/\/thrivecommer.com\/de\/wp-json\/wp\/v2\/types\/page"}],"author":[{"embeddable":true,"href":"https:\/\/thrivecommer.com\/de\/wp-json\/wp\/v2\/users\/3"}],"replies":[{"embeddable":true,"href":"https:\/\/thrivecommer.com\/de\/wp-json\/wp\/v2\/comments?post=93"}],"version-history":[{"count":16,"href":"https:\/\/thrivecommer.com\/de\/wp-json\/wp\/v2\/pages\/93\/revisions"}],"predecessor-version":[{"id":247,"href":"https:\/\/thrivecommer.com\/de\/wp-json\/wp\/v2\/pages\/93\/revisions\/247"}],"wp:attachment":[{"href":"https:\/\/thrivecommer.com\/de\/wp-json\/wp\/v2\/media?parent=93"}],"curies":[{"name":"wp","href":"https:\/\/api.w.org\/{rel}","templated":true}]}}