{"id":72,"date":"2026-03-24T18:13:06","date_gmt":"2026-03-24T18:13:06","guid":{"rendered":"https:\/\/navajowhite-wasp-229957.hostingersite.com\/shipping-policy\/"},"modified":"2026-04-11T16:37:00","modified_gmt":"2026-04-11T16:37:00","slug":"shipping-policy","status":"publish","type":"page","link":"https:\/\/thrivecommer.com\/es_es\/shipping-policy\/","title":{"rendered":"Pol\u00edtica de env\u00edos"},"content":{"rendered":"<div data-elementor-type=\"wp-page\" data-elementor-id=\"72\" class=\"elementor elementor-72\" data-elementor-post-type=\"page\">\n\t\t\t\t<div class=\"elementor-element elementor-element-6887d398 e-flex e-con-boxed e-con e-parent\" data-id=\"6887d398\" data-element_type=\"container\" data-e-type=\"container\" data-settings=\"{&quot;background_background&quot;:&quot;classic&quot;}\">\n\t\t\t\t\t<div class=\"e-con-inner\">\n\t\t\t\t<div class=\"elementor-element elementor-element-3533f55b elementor-widget elementor-widget-heading\" data-id=\"3533f55b\" data-element_type=\"widget\" data-e-type=\"widget\" data-widget_type=\"heading.default\">\n\t\t\t\t\t<h2 class=\"elementor-heading-title elementor-size-default\">Pol\u00edtica de env\u00edos<\/h2>\t\t\t\t<\/div>\n\t\t\t\t\t<\/div>\n\t\t\t\t<\/div>\n\t\t<div class=\"elementor-element elementor-element-6408aa61 e-flex e-con-boxed e-con e-parent\" data-id=\"6408aa61\" data-element_type=\"container\" data-e-type=\"container\">\n\t\t\t\t\t<div class=\"e-con-inner\">\n\t\t\t\t<div class=\"elementor-element elementor-element-3ae800a8 elementor-widget elementor-widget-text-editor\" data-id=\"3ae800a8\" data-element_type=\"widget\" data-e-type=\"widget\" data-widget_type=\"text-editor.default\">\n\t\t\t\t\t\t\t\t\t<p><strong>INFORMACI\u00d3N DE ENV\u00cdO<\/strong><\/p><p><strong>Los productos se distribuyen en toda Italia y tambi\u00e9n en el extranjero.<\/strong><br \/>Su pedido puede enviarse a una direcci\u00f3n de su elecci\u00f3n (domicilio, trabajo, etc. - no un apartado de correos). Normalmente realizamos los env\u00edos en 24 horas para la mayor\u00eda de los art\u00edculos y en aproximadamente 72 horas para art\u00edculos espec\u00edficos. Los plazos de env\u00edo se anuncian claramente en el momento de la compra. Los plazos de env\u00edo suelen ser de 2-3 d\u00edas laborables.<\/p><p><strong>GASTOS DE ENV\u00cdO<\/strong><br \/>Como es habitual, los env\u00edos incluyen servicio urgente, gastos de transporte, seguimiento del env\u00edo y firma en la entrega para garantizar el estado de la mercanc\u00eda.<\/p><p>Ofrecemos env\u00edo gratuito en productos seleccionados y env\u00edo de pago en otras categor\u00edas de productos. Tras realizar un pedido, nos pondremos en contacto con usted y le informaremos del precio del env\u00edo.<\/p><h5><b>Devuelve<\/b><\/h5><p>Para devolver su producto, debe enviarlo a {direcci\u00f3n f\u00edsica}.<\/p><p>Los gastos de env\u00edo de la devoluci\u00f3n correr\u00e1n por su cuenta. Los gastos de env\u00edo no son reembolsables. Si recibe un reembolso, el coste del env\u00edo de devoluci\u00f3n se deducir\u00e1 de su reembolso.<\/p><p>Dependiendo de d\u00f3nde viva, el tiempo que tarda en llegarle el producto intercambiado puede variar.<\/p><p>Si va a devolver art\u00edculos m\u00e1s caros, le recomendamos que utilice un servicio de env\u00edo con seguimiento o que contrate un seguro de env\u00edo. No garantizamos que recibamos el art\u00edculo devuelto.<\/p><p>\u00a0<\/p><p>Crecimiento Distribuido Sp. z o.o.<br \/>Sede central Ul. Poligonowa 15 F<br \/>Lublin<br \/>20-817<\/p>\t\t\t\t\t\t\t\t<\/div>\n\t\t\t\t\t<\/div>\n\t\t\t\t<\/div>\n\t\t\t\t<\/div>","protected":false},"excerpt":{"rendered":"<p>Shipping Policy SHIPPING INFORMATION The products are delivered throughout Italy but also abroad.Your order can be sent to an address of your choice (home, work, etc. \u2013 not a post office box).\u00a0We typically ship within 24 hours for most items and approximately 72 hours for specific items.\u00a0Shipping times are clearly advertised at the time of [&hellip;]<\/p>\n","protected":false},"author":3,"featured_media":0,"parent":0,"menu_order":0,"comment_status":"closed","ping_status":"closed","template":"","meta":{"footnotes":""},"class_list":["post-72","page","type-page","status-publish","hentry"],"_hostinger_reach_plugin_has_subscription_block":false,"_hostinger_reach_plugin_is_elementor":false,"_links":{"self":[{"href":"https:\/\/thrivecommer.com\/es_es\/wp-json\/wp\/v2\/pages\/72","targetHints":{"allow":["GET"]}}],"collection":[{"href":"https:\/\/thrivecommer.com\/es_es\/wp-json\/wp\/v2\/pages"}],"about":[{"href":"https:\/\/thrivecommer.com\/es_es\/wp-json\/wp\/v2\/types\/page"}],"author":[{"embeddable":true,"href":"https:\/\/thrivecommer.com\/es_es\/wp-json\/wp\/v2\/users\/3"}],"replies":[{"embeddable":true,"href":"https:\/\/thrivecommer.com\/es_es\/wp-json\/wp\/v2\/comments?post=72"}],"version-history":[{"count":16,"href":"https:\/\/thrivecommer.com\/es_es\/wp-json\/wp\/v2\/pages\/72\/revisions"}],"predecessor-version":[{"id":244,"href":"https:\/\/thrivecommer.com\/es_es\/wp-json\/wp\/v2\/pages\/72\/revisions\/244"}],"wp:attachment":[{"href":"https:\/\/thrivecommer.com\/es_es\/wp-json\/wp\/v2\/media?parent=72"}],"curies":[{"name":"wp","href":"https:\/\/api.w.org\/{rel}","templated":true}]}}