{"id":83,"date":"2026-03-24T18:13:08","date_gmt":"2026-03-24T18:13:08","guid":{"rendered":"https:\/\/navajowhite-wasp-229957.hostingersite.com\/refund-policy\/"},"modified":"2026-04-11T16:36:56","modified_gmt":"2026-04-11T16:36:56","slug":"refund-policy","status":"publish","type":"page","link":"https:\/\/thrivecommer.com\/es_es\/refund-policy\/","title":{"rendered":"Pol\u00edtica de reembolso"},"content":{"rendered":"<div data-elementor-type=\"wp-page\" data-elementor-id=\"83\" class=\"elementor elementor-83\" data-elementor-post-type=\"page\">\n\t\t\t\t<div class=\"elementor-element elementor-element-4e142b7d e-flex e-con-boxed e-con e-parent\" data-id=\"4e142b7d\" data-element_type=\"container\" data-e-type=\"container\" data-settings=\"{&quot;background_background&quot;:&quot;classic&quot;}\">\n\t\t\t\t\t<div class=\"e-con-inner\">\n\t\t\t\t<div class=\"elementor-element elementor-element-5b739933 elementor-widget elementor-widget-heading\" data-id=\"5b739933\" data-element_type=\"widget\" data-e-type=\"widget\" data-widget_type=\"heading.default\">\n\t\t\t\t\t<h2 class=\"elementor-heading-title elementor-size-default\">Pol\u00edtica de reembolso<\/h2>\t\t\t\t<\/div>\n\t\t\t\t\t<\/div>\n\t\t\t\t<\/div>\n\t\t<div class=\"elementor-element elementor-element-28070d91 e-flex e-con-boxed e-con e-parent\" data-id=\"28070d91\" data-element_type=\"container\" data-e-type=\"container\">\n\t\t\t\t\t<div class=\"e-con-inner\">\n\t\t\t\t<div class=\"elementor-element elementor-element-38677a25 elementor-widget elementor-widget-text-editor\" data-id=\"38677a25\" data-element_type=\"widget\" data-e-type=\"widget\" data-widget_type=\"text-editor.default\">\n\t\t\t\t\t\t\t\t\t<p>Nuestra pol\u00edtica de reembolsos y devoluciones dura 14 d\u00edas. Si han pasado 14 d\u00edas desde tu compra, no podemos ofrecerte un reembolso o cambio completo.<\/p><p>Para poder realizar una devoluci\u00f3n, el art\u00edculo debe estar sin usar y en el mismo estado en que lo recibi\u00f3. Tambi\u00e9n debe estar en su embalaje original.<\/p><p>Varios tipos de mercanc\u00edas est\u00e1n exentos de devoluci\u00f3n. Los productos perecederos, como alimentos, flores, peri\u00f3dicos o revistas, no pueden devolverse. Adem\u00e1s, no aceptamos productos \u00edntimos o sanitarios, materiales peligrosos ni l\u00edquidos o gases inflamables.<\/p><p>Art\u00edculos adicionales no retornables:<\/p><ul><li>Tarjetas regalo<\/li><li>Productos de software descargables<\/li><li>Algunos art\u00edculos de salud y cuidado personal<\/li><\/ul><div>\u00a0<\/div><div><p>Para completar su devoluci\u00f3n, necesitamos un recibo o prueba de compra.<\/p><\/div><p>No devuelva su compra al fabricante.<\/p><p>Hay algunas situaciones en las que s\u00f3lo se conceden reembolsos parciales:<\/p><ul><li>Libro con signos evidentes de uso<\/li><li>CD, DVD, cintas VHS, programas inform\u00e1ticos, videojuegos, casetes o discos de vinilo abiertos<\/li><\/ul><div>\u00a0<\/div><p>Cualquier art\u00edculo que no se encuentre en su estado original, est\u00e9 da\u00f1ado o le falten piezas por motivos que no se deban a un error nuestro.<br \/>Cualquier art\u00edculo devuelto m\u00e1s de 30 d\u00edas despu\u00e9s de la entrega<\/p><h5><b>Reembolso<\/b><\/h5><p>Una vez recibida e inspeccionada su devoluci\u00f3n, le enviaremos un correo electr\u00f3nico para informarle de que hemos recibido su art\u00edculo devuelto. Tambi\u00e9n le notificaremos cu\u00e1ndo se aprueba o rechaza su devoluci\u00f3n.<\/p><p>Si se aprueba, se procesar\u00e1 el reembolso y se aplicar\u00e1 autom\u00e1ticamente un cr\u00e9dito a su tarjeta de cr\u00e9dito o m\u00e9todo de pago original, en un plazo determinado de d\u00edas.<\/p><h5><b>Reembolsos atrasados o no efectuados<\/b><\/h5><p>Si a\u00fan no ha recibido el reembolso, vuelva a comprobar su cuenta bancaria.<\/p><p>A continuaci\u00f3n, p\u00f3ngase en contacto con la entidad emisora de su tarjeta de cr\u00e9dito, ya que el reembolso puede tardar alg\u00fan tiempo en hacerse efectivo oficialmente.<\/p><p>P\u00f3ngase en contacto con su banco. A menudo transcurre alg\u00fan tiempo antes de que se contabilice el reembolso.<\/p><p>Si ha hecho todo esto y a\u00fan no ha recibido su reembolso, p\u00f3ngase en contacto con nosotros en\u00a0<b>refund@thrivecommer.com<\/b><\/p><h5><b>Art\u00edculos en venta<\/b><\/h5><p>S\u00f3lo pueden reembolsarse los art\u00edculos de precio normal. Estos art\u00edculos no se pueden reembolsar.<\/p><h5><b>Intercambios<\/b><\/h5><p>S\u00f3lo sustituimos art\u00edculos si est\u00e1n defectuosos o da\u00f1ados.<\/p><p>\u00a0<\/p><p>Crecimiento Distribuido Sp. z o.o.<br \/>Sede central Ul. Poligonowa 15 F<br \/>Lublin<br \/>20-817<\/p>\t\t\t\t\t\t\t\t<\/div>\n\t\t\t\t\t<\/div>\n\t\t\t\t<\/div>\n\t\t\t\t<\/div>","protected":false},"excerpt":{"rendered":"<p>Refund Policy Our refund and return policy lasts 14 days.\u00a0If 14 days have passed since your purchase, we cannot offer you a full refund or exchange. To be eligible for a return, your item must be unused and in the same condition you received it.\u00a0It must also be in the original packaging. Several types of [&hellip;]<\/p>\n","protected":false},"author":3,"featured_media":0,"parent":0,"menu_order":0,"comment_status":"closed","ping_status":"closed","template":"","meta":{"footnotes":""},"class_list":["post-83","page","type-page","status-publish","hentry"],"_hostinger_reach_plugin_has_subscription_block":false,"_hostinger_reach_plugin_is_elementor":false,"_links":{"self":[{"href":"https:\/\/thrivecommer.com\/es_es\/wp-json\/wp\/v2\/pages\/83","targetHints":{"allow":["GET"]}}],"collection":[{"href":"https:\/\/thrivecommer.com\/es_es\/wp-json\/wp\/v2\/pages"}],"about":[{"href":"https:\/\/thrivecommer.com\/es_es\/wp-json\/wp\/v2\/types\/page"}],"author":[{"embeddable":true,"href":"https:\/\/thrivecommer.com\/es_es\/wp-json\/wp\/v2\/users\/3"}],"replies":[{"embeddable":true,"href":"https:\/\/thrivecommer.com\/es_es\/wp-json\/wp\/v2\/comments?post=83"}],"version-history":[{"count":19,"href":"https:\/\/thrivecommer.com\/es_es\/wp-json\/wp\/v2\/pages\/83\/revisions"}],"predecessor-version":[{"id":241,"href":"https:\/\/thrivecommer.com\/es_es\/wp-json\/wp\/v2\/pages\/83\/revisions\/241"}],"wp:attachment":[{"href":"https:\/\/thrivecommer.com\/es_es\/wp-json\/wp\/v2\/media?parent=83"}],"curies":[{"name":"wp","href":"https:\/\/api.w.org\/{rel}","templated":true}]}}